{"id":978,"date":"2016-11-21T11:27:53","date_gmt":"2016-11-21T10:27:53","guid":{"rendered":"https:\/\/www.steltenkg.de\/en\/?page_id=978"},"modified":"2016-12-14T14:02:22","modified_gmt":"2016-12-14T13:02:22","slug":"training","status":"publish","type":"page","link":"https:\/\/www.steltenkg.de\/en\/our-commitment\/training\/","title":{"rendered":"Training"},"content":{"rendered":"<div class=\"wpb-content-wrapper\"><p>[vc_row margin_top=&#8221;-60&#8243; type=&#8221;3&#8243; bg_color=&#8221;#397040&#8243; min_height=&#8221;30&#8243;][vc_column][\/vc_column][\/vc_row][vc_row min_height=&#8221;500&#8243;][vc_column][vc_empty_space height=&#8221;10px&#8221;][vc_row_inner equal_height=&#8221;yes&#8221; css=&#8221;.vc_custom_1467808156742{margin-top: -10px !important;}&#8221;][vc_column_inner width=&#8221;2\/3&#8243;][vc_single_image image=&#8221;666&#8243; img_size=&#8221;full&#8221;][vc_column_text css=&#8221;.vc_custom_1479724323700{margin-top: -4px !important;padding-top: 4px !important;padding-bottom: 4px !important;padding-left: 4px !important;background-color: #bbbd22 !important;}&#8221;]<\/p>\n<h4><span style=\"color: #ffffff;\">Warehouse and logistics training<\/span><\/h4>\n<p>[\/vc_column_text][vc_empty_space][\/vc_column_inner][vc_column_inner width=&#8221;1\/3&#8243;][vc_empty_space][vc_column_text]<\/p>\n<h3><span style=\"color: #819a4f;\">\u201cOur employees are our know-how!\u201d<\/span><\/h3>\n<p>[\/vc_column_text][vc_empty_space][vc_column_text]With this short phrase Managing Director Marcus Heldt expresses his appreciation of his employees. Long-term company membership and continuous further training have resulted in a qualified workforce, with a large part of the employees being members of the company since they trained here \u2013 a fact we are particularly proud of![\/vc_column_text][vc_empty_space height=&#8221;22px&#8221;][\/vc_column_inner][\/vc_row_inner][\/vc_column][\/vc_row][vc_row][vc_column][vc_empty_space height=&#8221;22px&#8221;][vc_column_text]<span style=\"color: #676b6d;\"><strong>Werde auch Du Teil des Stelten-Teams! Starte Deine Ausbildung jetzt und bewirb Dich als<\/strong><\/span><\/p>\n<p>&#8211; Kaufmann\/-frau f\u00fcr Spedition und Logistikdienstleistungen<br \/>\n&#8211; Fachkraft f\u00fcr Lagerlogistik<br \/>\n&#8211; Fachlagerist\/in[\/vc_column_text][vc_empty_space height=&#8221;22px&#8221;][vc_column_text]<\/p>\n<h3><span style=\"color: #819a4f;\">Kaufmann\/-frau f\u00fcr Spedition und Logistikdienstleistungen<\/span><\/h3>\n<p>Planen, organisieren, steuern, \u00fcberwachen und abwickeln \u2013 das ist unser t\u00e4gliches Brot.<\/p>\n<p>Als Kaufmann\/-frau f\u00fcr Spedition und Logistikdienstleistungen bist Du schon w\u00e4hrend Deiner Ausbildung verantwortlich f\u00fcr den Versand, den Umschlag\u00a0 und\u00a0 die Lagerung\u00a0 verschiedenster G\u00fcter, \u00a0sowie den reibungslosen Ablauf aller an der Logistikkette beteiligten Personen und Unternehmen. Dabei hast Du stets die W\u00fcnsche und die Zufriedenheit Deines Kunden im Blick.<\/p>\n<p>Du betreust Deine Kunden von der Angebotserstellung \u00fcber die Auftragserteilung bis hin zur fachgerechten Ausf\u00fchrung.\u00a0 Dabei ber\u00e4tst Du in Fragen des geeigneten Transportmittels sowie der Verpackung, kalkulierst Preise und k\u00fcmmerst Dich um den richtigen Versicherungsschutz. Du beauftragst geeignete Transportunternehmen, erstellst alle erforderlichen Begleitpapiere und wickelst s\u00e4mtliche Zollformalit\u00e4ten ab.<\/p>\n<p>Auch die Bearbeitung von \u00a0Kundenreklamationen und Schadensmeldungen ist Teil Deiner Ausbildung, ebenso rechnest Du Auftr\u00e4ge ab und \u00fcberwachst deren Begleichung.<\/p>\n<p><strong>Dauer derAusbildung:\u00a0\u00a0\u00a0 <\/strong><\/p>\n<p>2,5 &#8211; 3 Jahre , Duales System<\/p>\n<p><strong>Das solltest Du mitbringen:<\/strong><\/p>\n<p>&#8211; mind. einen guten Realschulabschluss<\/p>\n<p>&#8211; sorgf\u00e4ltige Arbeitsweise<\/p>\n<p>&#8211; kundenorientiertes Denken<\/p>\n<p>-gute kommunikative F\u00e4higkeiten[\/vc_column_text][vc_empty_space height=&#8221;22px&#8221;][\/vc_column][\/vc_row][vc_row type=&#8221;1&#8243; bg_color=&#8221;#f9f9f9&#8243;][vc_column][vc_empty_space height=&#8221;22px&#8221;][vc_column_text]<\/p>\n<h3><span style=\"color: #819a4f;\">Fachkraft f\u00fcr Lagerlogistik<\/span><\/h3>\n<p>Als Fachkraft f\u00fcr Lagerlogistik bist Du verantwortlich f\u00fcr den reibungslosen Ablauf im Lager und beh\u00e4ltst dabei stets den \u00dcberblick.<\/p>\n<p>W\u00e4hrend Deiner Ausbildung lernst Du s\u00e4mtliche Abl\u00e4ufe von der Warenannahme \u00fcber die Lagerung bis hin zur Auslieferung kennen. Du sorgst f\u00fcr fachgerechtes Entladen unterschiedlichster G\u00fcter und deren spezifischen Lagerbedingungen. Beim Warenausgang planst Du Liefertermine, ermittelst die jeweils kosteng\u00fcnstigste Versandart, verpackst die Waren ordnungsgem\u00e4\u00df und erstellst s\u00e4mtliche erforderlichen Begleitpapiere bis hin zur Zollerkl\u00e4rung. Das sichere und optimale Beladen von LKWs oder Containern ist ebenso Teil Deiner Ausbildung wie das Bedienen von Gabelstaplern und sonstigen F\u00f6rdermitteln.<\/p>\n<p><strong>Dauer der Ausbildung:<br \/>\n<\/strong>3 Jahre , Duales System<\/p>\n<p><strong>Das solltest Du mitbringen:<br \/>\n<\/strong>&#8211; mind. einen guten Hauptschulabschluss<\/p>\n<p>&#8211; gute k\u00f6rperliche Konstitution<\/p>\n<p>&#8211; umsichtige und verantwortungsvolle Arbeitsweise sowie Organisationsgeschick<\/p>\n<p>&#8211; r\u00e4umliches Vorstellungverm\u00f6gen ist von Vorteil<\/p>\n<p>Dar\u00fcber hinaus arbeitest Du mit speziellen EDV-Programmen, planst, organisierst und optimierst logistische Lagerprozesse und f\u00fchrst auch Inventuren durch.[\/vc_column_text][vc_empty_space height=&#8221;82px&#8221;][\/vc_column][\/vc_row][vc_row margin_top=&#8221;-60&#8243; type=&#8221;3&#8243; bg_color=&#8221;#819a4f&#8221; min_height=&#8221;30&#8243;][vc_column][\/vc_column][\/vc_row][vc_row margin_bottom=&#8221;-50&#8243; type=&#8221;3&#8243; bg_color=&#8221;#bbbd22&#8243; padding_bottom=&#8221;-50&#8243; min_height=&#8221;100&#8243;][vc_column][vc_empty_space height=&#8221;22px&#8221;][vc_column_text]<\/p>\n<h3><span style=\"color: #fff;\">Fachlagerist\/in<\/span><\/h3>\n<p><span style=\"color: #fff;\">Als Fachlagerist\/in bist Du verantwortlich f\u00fcr optimale Lagerbedingungen.<\/span><br \/>\n<span style=\"color: #fff;\">Du nimmst Waren an, kontrollierst deren Menge und Beschaffenheit und sorgst f\u00fcr eine fachgerechte Lagerung. Ebenso geh\u00f6ren kontinuierliche Kontrollen der Best\u00e4nde und Lagerbedingungen sowie Inventuren zu Deinem Aufgabengebiet und sind Teil Deiner Ausbildung. F\u00fcr den Versand stellst Du die erforderlichen G\u00fcter bereit, bel\u00e4dst LKWs und Container und sorgst f\u00fcr einen sicheren und den g\u00e4ngigen Vorschriften entsprechenden Versand.<\/span><\/p>\n<p><strong><span style=\"color: #fff;\">Dauer der Ausbildung:<\/span><\/strong><br \/>\n<span style=\"color: #fff;\">2 Jahre , Duales System<\/span><\/p>\n<p><strong><span style=\"color: #fff;\">Das solltest Du mitbringen:<\/span><\/strong><br \/>\n<span style=\"color: #fff;\">&#8211; mind. einen guten Hauptschulabschluss<\/span><\/p>\n<p><span style=\"color: #fff;\">&#8211; gute k\u00f6rperliche Konstitution<\/span><\/p>\n<p><span style=\"color: #fff;\">&#8211; umsichtige und verantwortungsvolle Arbeitsweise sowie Organisationsgeschick<\/span><\/p>\n<p><span style=\"color: #fff;\">&#8211; r\u00e4umliches Vorstellungverm\u00f6gen ist von Vorteil<\/span><\/p>\n<p>&nbsp;<\/p>\n<p><span style=\"color: #fff;\">Bewirb Dich jetzt f\u00fcr das kommende Ausbildungsjahr und starte Deine Karriere bei uns!<\/span>[\/vc_column_text][vc_empty_space height=&#8221;22px&#8221;][\/vc_column][\/vc_row]<\/p>\n<\/div>","protected":false},"excerpt":{"rendered":"<p>[vc_row margin_top=&#8221;-60&#8243; type=&#8221;3&#8243; bg_color=&#8221;#397040&#8243; min_height=&#8221;30&#8243;][vc_column][\/vc_column][\/vc_row][vc_row min_height=&#8221;500&#8243;][vc_column][vc_empty_space height=&#8221;10px&#8221;][vc_row_inner equal_height=&#8221;yes&#8221; css=&#8221;.vc_custom_1467808156742{margin-top: -10px !important;}&#8221;][vc_column_inner width=&#8221;2\/3&#8243;][vc_single_image image=&#8221;666&#8243; img_size=&#8221;full&#8221;][vc_column_text css=&#8221;.vc_custom_1479724323700{margin-top: -4px !important;padding-top: 4px !important;padding-bottom: 4px !important;padding-left: 4px !important;background-color: #bbbd22 !important;}&#8221;] Warehouse and logistics training [\/vc_column_text][vc_empty_space][\/vc_column_inner][vc_column_inner width=&#8221;1\/3&#8243;][vc_empty_space][vc_column_text] \u201cOur employees are our know-how!\u201d [\/vc_column_text][vc_empty_space][vc_column_text]With this short phrase Managing Director Marcus Heldt expresses his appreciation of his employees. Long-term company membership and continuous&hellip;<\/p>\n","protected":false},"author":5,"featured_media":0,"parent":983,"menu_order":0,"comment_status":"closed","ping_status":"closed","template":"","meta":{"footnotes":""},"class_list":["post-978","page","type-page","status-publish","hentry","description-off"],"yoast_head":"<!-- This site is optimized with the Yoast SEO plugin v27.2 - https:\/\/yoast.com\/product\/yoast-seo-wordpress\/ -->\n<title>Training and careers at Stelten KG in Krefeld<\/title>\n<meta name=\"description\" content=\"Many of Stelten&#039;s employees have had their training and education at the company - a fact that Stelten KG is particularly proud of.\" \/>\n<meta name=\"robots\" content=\"index, follow, max-snippet:-1, max-image-preview:large, max-video-preview:-1\" \/>\n<link rel=\"canonical\" href=\"https:\/\/www.steltenkg.de\/en\/our-commitment\/training\/\" \/>\n<meta property=\"og:locale\" content=\"en_US\" \/>\n<meta property=\"og:type\" content=\"article\" \/>\n<meta property=\"og:title\" content=\"Training and careers at Stelten KG in Krefeld\" \/>\n<meta property=\"og:description\" content=\"Many of Stelten&#039;s employees have had their training and education at the company - a fact that Stelten KG is particularly proud of.\" \/>\n<meta property=\"og:url\" content=\"https:\/\/www.steltenkg.de\/en\/our-commitment\/training\/\" \/>\n<meta property=\"og:site_name\" content=\"Stelten KG\" \/>\n<meta property=\"article:modified_time\" content=\"2016-12-14T13:02:22+00:00\" \/>\n<meta name=\"twitter:card\" content=\"summary_large_image\" \/>\n<meta name=\"twitter:label1\" content=\"Est. reading time\" \/>\n\t<meta name=\"twitter:data1\" content=\"4 minutes\" \/>\n<script type=\"application\/ld+json\" class=\"yoast-schema-graph\">{\"@context\":\"https:\/\/schema.org\",\"@graph\":[{\"@type\":\"WebPage\",\"@id\":\"https:\/\/www.steltenkg.de\/en\/our-commitment\/training\/\",\"url\":\"https:\/\/www.steltenkg.de\/en\/our-commitment\/training\/\",\"name\":\"Training and careers at Stelten KG in Krefeld\",\"isPartOf\":{\"@id\":\"https:\/\/www.steltenkg.de\/#website\"},\"datePublished\":\"2016-11-21T10:27:53+00:00\",\"dateModified\":\"2016-12-14T13:02:22+00:00\",\"description\":\"Many of Stelten's employees have had their training and education at the company - a fact that Stelten KG is particularly proud of.\",\"breadcrumb\":{\"@id\":\"https:\/\/www.steltenkg.de\/en\/our-commitment\/training\/#breadcrumb\"},\"inLanguage\":\"en-US\",\"potentialAction\":[{\"@type\":\"ReadAction\",\"target\":[\"https:\/\/www.steltenkg.de\/en\/our-commitment\/training\/\"]}]},{\"@type\":\"BreadcrumbList\",\"@id\":\"https:\/\/www.steltenkg.de\/en\/our-commitment\/training\/#breadcrumb\",\"itemListElement\":[{\"@type\":\"ListItem\",\"position\":1,\"name\":\"Startseite\",\"item\":\"https:\/\/www.steltenkg.de\/en\/\"},{\"@type\":\"ListItem\",\"position\":2,\"name\":\"Company\",\"item\":\"https:\/\/www.steltenkg.de\/en\/our-commitment\/\"},{\"@type\":\"ListItem\",\"position\":3,\"name\":\"Training\"}]},{\"@type\":\"WebSite\",\"@id\":\"https:\/\/www.steltenkg.de\/#website\",\"url\":\"https:\/\/www.steltenkg.de\/\",\"name\":\"Stelten KG\",\"description\":\"Spedition - Lagerung - Logistik\",\"potentialAction\":[{\"@type\":\"SearchAction\",\"target\":{\"@type\":\"EntryPoint\",\"urlTemplate\":\"https:\/\/www.steltenkg.de\/?s={search_term_string}\"},\"query-input\":{\"@type\":\"PropertyValueSpecification\",\"valueRequired\":true,\"valueName\":\"search_term_string\"}}],\"inLanguage\":\"en-US\"}]}<\/script>\n<!-- \/ Yoast SEO plugin. -->","yoast_head_json":{"title":"Training and careers at Stelten KG in Krefeld","description":"Many of Stelten's employees have had their training and education at the company - a fact that Stelten KG is particularly proud of.","robots":{"index":"index","follow":"follow","max-snippet":"max-snippet:-1","max-image-preview":"max-image-preview:large","max-video-preview":"max-video-preview:-1"},"canonical":"https:\/\/www.steltenkg.de\/en\/our-commitment\/training\/","og_locale":"en_US","og_type":"article","og_title":"Training and careers at Stelten KG in Krefeld","og_description":"Many of Stelten's employees have had their training and education at the company - a fact that Stelten KG is particularly proud of.","og_url":"https:\/\/www.steltenkg.de\/en\/our-commitment\/training\/","og_site_name":"Stelten KG","article_modified_time":"2016-12-14T13:02:22+00:00","twitter_card":"summary_large_image","twitter_misc":{"Est. reading time":"4 minutes"},"schema":{"@context":"https:\/\/schema.org","@graph":[{"@type":"WebPage","@id":"https:\/\/www.steltenkg.de\/en\/our-commitment\/training\/","url":"https:\/\/www.steltenkg.de\/en\/our-commitment\/training\/","name":"Training and careers at Stelten KG in Krefeld","isPartOf":{"@id":"https:\/\/www.steltenkg.de\/#website"},"datePublished":"2016-11-21T10:27:53+00:00","dateModified":"2016-12-14T13:02:22+00:00","description":"Many of Stelten's employees have had their training and education at the company - a fact that Stelten KG is particularly proud of.","breadcrumb":{"@id":"https:\/\/www.steltenkg.de\/en\/our-commitment\/training\/#breadcrumb"},"inLanguage":"en-US","potentialAction":[{"@type":"ReadAction","target":["https:\/\/www.steltenkg.de\/en\/our-commitment\/training\/"]}]},{"@type":"BreadcrumbList","@id":"https:\/\/www.steltenkg.de\/en\/our-commitment\/training\/#breadcrumb","itemListElement":[{"@type":"ListItem","position":1,"name":"Startseite","item":"https:\/\/www.steltenkg.de\/en\/"},{"@type":"ListItem","position":2,"name":"Company","item":"https:\/\/www.steltenkg.de\/en\/our-commitment\/"},{"@type":"ListItem","position":3,"name":"Training"}]},{"@type":"WebSite","@id":"https:\/\/www.steltenkg.de\/#website","url":"https:\/\/www.steltenkg.de\/","name":"Stelten KG","description":"Spedition - Lagerung - Logistik","potentialAction":[{"@type":"SearchAction","target":{"@type":"EntryPoint","urlTemplate":"https:\/\/www.steltenkg.de\/?s={search_term_string}"},"query-input":{"@type":"PropertyValueSpecification","valueRequired":true,"valueName":"search_term_string"}}],"inLanguage":"en-US"}]}},"_links":{"self":[{"href":"https:\/\/www.steltenkg.de\/en\/wp-json\/wp\/v2\/pages\/978\/"}],"collection":[{"href":"https:\/\/www.steltenkg.de\/en\/wp-json\/wp\/v2\/pages\/"}],"about":[{"href":"https:\/\/www.steltenkg.de\/en\/wp-json\/wp\/v2\/types\/page\/"}],"author":[{"embeddable":true,"href":"https:\/\/www.steltenkg.de\/en\/wp-json\/wp\/v2\/users\/5\/"}],"replies":[{"embeddable":true,"href":"https:\/\/www.steltenkg.de\/en\/wp-json\/wp\/v2\/comments\/?post=978"}],"version-history":[{"count":4,"href":"https:\/\/www.steltenkg.de\/en\/wp-json\/wp\/v2\/pages\/978\/revisions\/"}],"predecessor-version":[{"id":982,"href":"https:\/\/www.steltenkg.de\/en\/wp-json\/wp\/v2\/pages\/978\/revisions\/982\/"}],"up":[{"embeddable":true,"href":"https:\/\/www.steltenkg.de\/en\/wp-json\/wp\/v2\/pages\/983\/"}],"wp:attachment":[{"href":"https:\/\/www.steltenkg.de\/en\/wp-json\/wp\/v2\/media\/?parent=978"}],"curies":[{"name":"wp","href":"https:\/\/api.w.org\/{rel}","templated":true}]}}