{"id":1094,"date":"2016-11-22T10:42:07","date_gmt":"2016-11-22T09:42:07","guid":{"rendered":"https:\/\/www.steltenkg.de\/en\/?page_id=1094"},"modified":"2016-12-19T09:40:50","modified_gmt":"2016-12-19T08:40:50","slug":"export","status":"publish","type":"page","link":"https:\/\/www.steltenkg.de\/en\/services\/international\/export\/","title":{"rendered":"Export"},"content":{"rendered":"<div class=\"wpb-content-wrapper\"><p>[vc_row margin_top=&#8221;-60&#8243; type=&#8221;3&#8243; bg_color=&#8221;#397040&#8243; min_height=&#8221;30&#8243;][vc_column][\/vc_column][\/vc_row][vc_row margin_bottom=&#8221;&#8221;][vc_column][vc_empty_space height=&#8221;10px&#8221;][vc_row_inner equal_height=&#8221;yes&#8221; css=&#8221;.vc_custom_1467808156742{margin-top: -10px !important;}&#8221;][vc_column_inner width=&#8221;2\/3&#8243;][vc_single_image image=&#8221;771&#8243; img_size=&#8221;full&#8221;][vc_column_text css=&#8221;.vc_custom_1479807724649{margin-top: -4px !important;padding-top: 4px !important;padding-bottom: 4px !important;padding-left: 4px !important;background-color: #bbbd22 !important;}&#8221;]<\/p>\n<h4><span style=\"color: #ffffff;\">Your goods are going on a journey<\/span><\/h4>\n<p>[\/vc_column_text][vc_empty_space][\/vc_column_inner][vc_column_inner width=&#8221;1\/3&#8243;][vc_empty_space][vc_empty_space][vc_column_text]<\/p>\n<h3><span style=\"color: #819a4f;\">Germany, firmly established in import and export<\/span><\/h3>\n<p>[\/vc_column_text][vc_empty_space][vc_column_text]Whether it is an international group of companies with offices in Germany or a regional medium-sized enterprise with customers all over the world &#8211; they have one thing in common\u2026<\/p>\n<p>\u2026 they export across many borders. It is not without reason that Germany is regularly one of the leading contenders when the world export champion is nominated.[\/vc_column_text][\/vc_column_inner][\/vc_row_inner][vc_column_text css=&#8221;.vc_custom_1482136819352{margin-bottom: 40px !important;}&#8221;]<\/p>\n<h3><span style=\"color: #819a4f;\">Export\u00a0is our daily job<\/span><\/h3>\n<p>Documents used in export include: invoices, transport papers, customs documents, and other shipping documents.<\/p>\n<p>The most important export document is the commercial invoice (facture commerciale), stating names, addresses, date, description of the goods concerned, but also terms of delivery and payment.<\/p>\n<p>The customs invoice (facture douani\u00e8re) is also important, in particular in foreign trade with Canada and the USA, as it contains the necessary data for the payment of customs duty for the goods in the importing country.<\/p>\n<p>Other documents that need to be mentioned are the consular invoice (facture consulaire), which mainly proves the origin of the goods, and the certificate of origin.<\/p>\n<p>One of the indispensable documents in maritime trade, and thus also in exportation, is the bill of lading (connaissement), which is explicitly regulated in \u00a7\u00a0642 HGB (the German Commercial Code).<\/p>\n<p>There is a large number of other important import and export documents which we do not want to state in detail here.[\/vc_column_text][vc_empty_space][\/vc_column][\/vc_row][vc_row margin_top=&#8221;-60&#8243; type=&#8221;3&#8243; bg_color=&#8221;#819a4f&#8221; min_height=&#8221;30&#8243;][vc_column][\/vc_column][\/vc_row][vc_row margin_bottom=&#8221;-50&#8243; type=&#8221;3&#8243; bg_color=&#8221;#bbbd22&#8243; padding_bottom=&#8221;-50&#8243; min_height=&#8221;100&#8243;][vc_column][vc_empty_space height=&#8221;12px&#8221;][vc_column_text]<\/p>\n<h3><span style=\"color: #ffffff;\">Unser Anspruch an Ihren Export<\/span><\/h3>\n<p><span style=\"color: #ffffff;\">Unsere geschulten Mitarbeiter kennen alle erforderlichen Dokumente und deren notwendigen Inhalte. Sie beraten Sie gerne bei der Erstellung eigener und Beantragung externe Dokumente (z. Bsp. EUR 1 oder ATR.1) oder \u00fcbernehmen die Beschaffung solcher Dokumente f\u00fcr Sie.<\/span><br \/>\n<span style=\"color: #ffffff;\">Hierzu z\u00e4hlt zum Beispiel auch das obengenannte Ursprungszeugnis, dass bei der zust\u00e4ndigen Au\u00dfenwirtschaftsabteilung bei den Industrie- und Handelskammern beantragt werden muss und von diesen Institutionen gegen Geb\u00fchr bescheinigt wird. Die Beantragung erfolgt per PC und mit digitaler Signatur. Nach Pr\u00fcfung und Genehmigung durch die IHK wird das Ursprungszeugnis dann bei uns ausgedruckt.<\/span><br \/>\n<span style=\"color: #ffffff;\">Dies ist nur ein Beispiel stellvertretend f\u00fcr eine Vielzahl, von Leistungen, die wir f\u00fcr Sie beim Export erbringen wollen. Sprechen Sie uns an.<\/span>[\/vc_column_text][\/vc_column][\/vc_row]<\/p>\n<\/div>","protected":false},"excerpt":{"rendered":"<p>[vc_row margin_top=&#8221;-60&#8243; type=&#8221;3&#8243; bg_color=&#8221;#397040&#8243; min_height=&#8221;30&#8243;][vc_column][\/vc_column][\/vc_row][vc_row margin_bottom=&#8221;&#8221;][vc_column][vc_empty_space height=&#8221;10px&#8221;][vc_row_inner equal_height=&#8221;yes&#8221; css=&#8221;.vc_custom_1467808156742{margin-top: -10px !important;}&#8221;][vc_column_inner width=&#8221;2\/3&#8243;][vc_single_image image=&#8221;771&#8243; img_size=&#8221;full&#8221;][vc_column_text css=&#8221;.vc_custom_1479807724649{margin-top: -4px !important;padding-top: 4px !important;padding-bottom: 4px !important;padding-left: 4px !important;background-color: #bbbd22 !important;}&#8221;] Your goods are going on a journey [\/vc_column_text][vc_empty_space][\/vc_column_inner][vc_column_inner width=&#8221;1\/3&#8243;][vc_empty_space][vc_empty_space][vc_column_text] Germany, firmly established in import and export [\/vc_column_text][vc_empty_space][vc_column_text]Whether it is an international group of companies with offices in Germany or a&hellip;<\/p>\n","protected":false},"author":5,"featured_media":0,"parent":1092,"menu_order":0,"comment_status":"closed","ping_status":"closed","template":"","meta":{"footnotes":""},"class_list":["post-1094","page","type-page","status-publish","hentry","description-off"],"yoast_head":"<!-- This site is optimized with the Yoast SEO plugin v27.2 - https:\/\/yoast.com\/product\/yoast-seo-wordpress\/ -->\n<title>The export business is our daily job - Stelten KG<\/title>\n<meta name=\"description\" content=\"Important documents used in export include: commercial invoice, invoices, transport papers, customs documents, and other shipping documents. Stelten KG\" \/>\n<meta name=\"robots\" content=\"index, follow, max-snippet:-1, max-image-preview:large, max-video-preview:-1\" \/>\n<link rel=\"canonical\" href=\"https:\/\/www.steltenkg.de\/en\/services\/international\/export\/\" \/>\n<meta property=\"og:locale\" content=\"en_US\" \/>\n<meta property=\"og:type\" content=\"article\" \/>\n<meta property=\"og:title\" content=\"The export business is our daily job - Stelten KG\" \/>\n<meta property=\"og:description\" content=\"Important documents used in export include: commercial invoice, invoices, transport papers, customs documents, and other shipping documents. Stelten KG\" \/>\n<meta property=\"og:url\" content=\"https:\/\/www.steltenkg.de\/en\/services\/international\/export\/\" \/>\n<meta property=\"og:site_name\" content=\"Stelten KG\" \/>\n<meta property=\"article:modified_time\" content=\"2016-12-19T08:40:50+00:00\" \/>\n<meta name=\"twitter:card\" content=\"summary_large_image\" \/>\n<meta name=\"twitter:label1\" content=\"Est. reading time\" \/>\n\t<meta name=\"twitter:data1\" content=\"3 minutes\" \/>\n<script type=\"application\/ld+json\" class=\"yoast-schema-graph\">{\"@context\":\"https:\/\/schema.org\",\"@graph\":[{\"@type\":\"WebPage\",\"@id\":\"https:\/\/www.steltenkg.de\/en\/services\/international\/export\/\",\"url\":\"https:\/\/www.steltenkg.de\/en\/services\/international\/export\/\",\"name\":\"The export business is our daily job - Stelten KG\",\"isPartOf\":{\"@id\":\"https:\/\/www.steltenkg.de\/#website\"},\"datePublished\":\"2016-11-22T09:42:07+00:00\",\"dateModified\":\"2016-12-19T08:40:50+00:00\",\"description\":\"Important documents used in export include: commercial invoice, invoices, transport papers, customs documents, and other shipping documents. Stelten KG\",\"breadcrumb\":{\"@id\":\"https:\/\/www.steltenkg.de\/en\/services\/international\/export\/#breadcrumb\"},\"inLanguage\":\"en-US\",\"potentialAction\":[{\"@type\":\"ReadAction\",\"target\":[\"https:\/\/www.steltenkg.de\/en\/services\/international\/export\/\"]}]},{\"@type\":\"BreadcrumbList\",\"@id\":\"https:\/\/www.steltenkg.de\/en\/services\/international\/export\/#breadcrumb\",\"itemListElement\":[{\"@type\":\"ListItem\",\"position\":1,\"name\":\"Startseite\",\"item\":\"https:\/\/www.steltenkg.de\/en\/\"},{\"@type\":\"ListItem\",\"position\":2,\"name\":\"Services\",\"item\":\"https:\/\/www.steltenkg.de\/en\/services\/\"},{\"@type\":\"ListItem\",\"position\":3,\"name\":\"International\",\"item\":\"https:\/\/www.steltenkg.de\/en\/services\/international\/\"},{\"@type\":\"ListItem\",\"position\":4,\"name\":\"Export\"}]},{\"@type\":\"WebSite\",\"@id\":\"https:\/\/www.steltenkg.de\/#website\",\"url\":\"https:\/\/www.steltenkg.de\/\",\"name\":\"Stelten KG\",\"description\":\"Spedition - Lagerung - Logistik\",\"potentialAction\":[{\"@type\":\"SearchAction\",\"target\":{\"@type\":\"EntryPoint\",\"urlTemplate\":\"https:\/\/www.steltenkg.de\/?s={search_term_string}\"},\"query-input\":{\"@type\":\"PropertyValueSpecification\",\"valueRequired\":true,\"valueName\":\"search_term_string\"}}],\"inLanguage\":\"en-US\"}]}<\/script>\n<!-- \/ Yoast SEO plugin. -->","yoast_head_json":{"title":"The export business is our daily job - Stelten KG","description":"Important documents used in export include: commercial invoice, invoices, transport papers, customs documents, and other shipping documents. Stelten KG","robots":{"index":"index","follow":"follow","max-snippet":"max-snippet:-1","max-image-preview":"max-image-preview:large","max-video-preview":"max-video-preview:-1"},"canonical":"https:\/\/www.steltenkg.de\/en\/services\/international\/export\/","og_locale":"en_US","og_type":"article","og_title":"The export business is our daily job - Stelten KG","og_description":"Important documents used in export include: commercial invoice, invoices, transport papers, customs documents, and other shipping documents. Stelten KG","og_url":"https:\/\/www.steltenkg.de\/en\/services\/international\/export\/","og_site_name":"Stelten KG","article_modified_time":"2016-12-19T08:40:50+00:00","twitter_card":"summary_large_image","twitter_misc":{"Est. reading time":"3 minutes"},"schema":{"@context":"https:\/\/schema.org","@graph":[{"@type":"WebPage","@id":"https:\/\/www.steltenkg.de\/en\/services\/international\/export\/","url":"https:\/\/www.steltenkg.de\/en\/services\/international\/export\/","name":"The export business is our daily job - Stelten KG","isPartOf":{"@id":"https:\/\/www.steltenkg.de\/#website"},"datePublished":"2016-11-22T09:42:07+00:00","dateModified":"2016-12-19T08:40:50+00:00","description":"Important documents used in export include: commercial invoice, invoices, transport papers, customs documents, and other shipping documents. Stelten KG","breadcrumb":{"@id":"https:\/\/www.steltenkg.de\/en\/services\/international\/export\/#breadcrumb"},"inLanguage":"en-US","potentialAction":[{"@type":"ReadAction","target":["https:\/\/www.steltenkg.de\/en\/services\/international\/export\/"]}]},{"@type":"BreadcrumbList","@id":"https:\/\/www.steltenkg.de\/en\/services\/international\/export\/#breadcrumb","itemListElement":[{"@type":"ListItem","position":1,"name":"Startseite","item":"https:\/\/www.steltenkg.de\/en\/"},{"@type":"ListItem","position":2,"name":"Services","item":"https:\/\/www.steltenkg.de\/en\/services\/"},{"@type":"ListItem","position":3,"name":"International","item":"https:\/\/www.steltenkg.de\/en\/services\/international\/"},{"@type":"ListItem","position":4,"name":"Export"}]},{"@type":"WebSite","@id":"https:\/\/www.steltenkg.de\/#website","url":"https:\/\/www.steltenkg.de\/","name":"Stelten KG","description":"Spedition - Lagerung - Logistik","potentialAction":[{"@type":"SearchAction","target":{"@type":"EntryPoint","urlTemplate":"https:\/\/www.steltenkg.de\/?s={search_term_string}"},"query-input":{"@type":"PropertyValueSpecification","valueRequired":true,"valueName":"search_term_string"}}],"inLanguage":"en-US"}]}},"_links":{"self":[{"href":"https:\/\/www.steltenkg.de\/en\/wp-json\/wp\/v2\/pages\/1094\/"}],"collection":[{"href":"https:\/\/www.steltenkg.de\/en\/wp-json\/wp\/v2\/pages\/"}],"about":[{"href":"https:\/\/www.steltenkg.de\/en\/wp-json\/wp\/v2\/types\/page\/"}],"author":[{"embeddable":true,"href":"https:\/\/www.steltenkg.de\/en\/wp-json\/wp\/v2\/users\/5\/"}],"replies":[{"embeddable":true,"href":"https:\/\/www.steltenkg.de\/en\/wp-json\/wp\/v2\/comments\/?post=1094"}],"version-history":[{"count":4,"href":"https:\/\/www.steltenkg.de\/en\/wp-json\/wp\/v2\/pages\/1094\/revisions\/"}],"predecessor-version":[{"id":1236,"href":"https:\/\/www.steltenkg.de\/en\/wp-json\/wp\/v2\/pages\/1094\/revisions\/1236\/"}],"up":[{"embeddable":true,"href":"https:\/\/www.steltenkg.de\/en\/wp-json\/wp\/v2\/pages\/1092\/"}],"wp:attachment":[{"href":"https:\/\/www.steltenkg.de\/en\/wp-json\/wp\/v2\/media\/?parent=1094"}],"curies":[{"name":"wp","href":"https:\/\/api.w.org\/{rel}","templated":true}]}}