{"id":1009,"date":"2016-11-21T13:17:15","date_gmt":"2016-11-21T12:17:15","guid":{"rendered":"https:\/\/www.steltenkg.de\/en\/?page_id=1009"},"modified":"2016-11-21T13:17:15","modified_gmt":"2016-11-21T12:17:15","slug":"logistik","status":"publish","type":"page","link":"https:\/\/www.steltenkg.de\/en\/services\/logistik\/","title":{"rendered":"Logistik"},"content":{"rendered":"<div class=\"wpb-content-wrapper\"><p>[vc_row margin_top=&#8221;-60&#8243; type=&#8221;3&#8243; bg_color=&#8221;#397040&#8243; min_height=&#8221;30&#8243;][vc_column][\/vc_column][\/vc_row][vc_row margin_bottom=&#8221;-80&#8243; min_height=&#8221;500&#8243;][vc_column][vc_empty_space height=&#8221;10px&#8221;][vc_row_inner equal_height=&#8221;yes&#8221; css=&#8221;.vc_custom_1467808156742{margin-top: -10px !important;}&#8221;][vc_column_inner width=&#8221;2\/3&#8243;][vc_single_image image=&#8221;680&#8243; img_size=&#8221;full&#8221;][vc_empty_space height=&#8221;30px&#8221; css=&#8221;.vc_custom_1473413617710{background-color: #bbbd22 !important;}&#8221;][vc_column_text css=&#8221;.vc_custom_1477902313706{margin-top: -30px !important;margin-left: 20px !important;}&#8221;]<\/p>\n<h4><span style=\"color: #ffffff;\">Logistikzentrum Bataverstrasse<\/span><\/h4>\n<p>[\/vc_column_text][vc_empty_space][\/vc_column_inner][vc_column_inner width=&#8221;1\/3&#8243;][vc_empty_space][vc_column_text]<\/p>\n<h3><span style=\"color: #819a4f;\">Zum Thema Logistik<\/span><\/h3>\n<p>[\/vc_column_text][vc_empty_space][vc_column_text]In der Logistik werden alle internen und externen Informations- und G\u00fcterfl\u00fcsse eines Unternehmens geplant, koordiniert, umgesetzt und kontrolliert. Es handelt sich um eine ganzheitliche Betrachtungsweise, die sich auch im synonym verwendeten Begriff des Supply Chain Manament (SCM) niederschl\u00e4gt.[\/vc_column_text][\/vc_column_inner][\/vc_row_inner][vc_column_text]<\/p>\n<h3><span style=\"color: #819a4f;\">Lorem Ipsum<\/span><\/h3>\n<p>Hier liegt der Betrachtungsschwerpunkt auf der Wertsch\u00f6pfungskette, die durch eine intelligente Planung und Steuerung optimiert wird. In Deutschland gibt es eine sehr gro\u00dfe Zahl von Unternehmen, etwa 60.000, die gemeinsam unter dem Namen Intra \u2013 Logistik eine Teilbranche bilden und in ihrer Au\u00dfendarstellung als Logistik -Dienstleister auftreten. Dazu z\u00e4hlen so unterschiedliche Unternehmen wie Hafen- und Flughafenbetreiber, Fluggesellschaften, Reedereien, Eisenbahngesellschaften, Bus- und Taxiunternehmen, aber auch Speditionen, Transporteure, Lagerdienstleister oder Kurier-, Express- und Paketdienste. Selbst die Hersteller der eingesetzten Technik w\u00e4hlen den Begriff Logistik als Aush\u00e4ngeschild.<br \/>\nDas Unternehmen STELTEN versteht sich als echter Logistik &#8211; Partner seiner Kunden, insbesondere durch die Beratung, Planung und anschlie\u00dfende \u00dcbernahme von einzelnen oder auch mehreren Gliedern der Supply Chain (Wertsch\u00f6pfungskette). In den Bereichen Transport- und Lager &#8211; Logistik hat sich das Unternehmen \u00fcber Jahrzehnte hinweg, aus den klassischen Speditions- und Lagergesch\u00e4ften heraus zu einem sogenannten \u201e3 PL\u201c (Third party logistics provider) entwickelt und am Markt etabliert. Unsere Kernkompetenz ist die \u00dcbernahme von Transport und Lagerung f\u00fcr unsere Kunden, erweitert um sogenannte \u201eValue added Services\u201c. Es gibt viele Zusatzleistungen, die kunden- oder projektbezogen und in unterschiedlichen Kombinationen die Kernkompetenzen erg\u00e4nzen und somit Teil der Gesamt &#8211; Logistik werden.<br \/>\nIndem der Logistik-Bereich ausgelagert wird, kann der Kunde dann den Fokus auf seine eigentlichen Kernkompetenzen legen.[\/vc_column_text][vc_empty_space height=&#8221;12px&#8221;][\/vc_column][\/vc_row][vc_row margin_top=&#8221;-60&#8243; type=&#8221;3&#8243; bg_color=&#8221;#819a4f&#8221; min_height=&#8221;30&#8243;][vc_column][\/vc_column][\/vc_row][vc_row margin_bottom=&#8221;-50&#8243; type=&#8221;3&#8243; bg_color=&#8221;#bbbd22&#8243; padding_bottom=&#8221;-50&#8243; min_height=&#8221;100&#8243;][vc_column][vc_empty_space height=&#8221;12px&#8221;][vc_column_text]<\/p>\n<h3><span style=\"color: #ffffff;\">Fokussierung auf den Kunden<\/span><\/h3>\n<p><span style=\"color: #ffffff;\">Der Logistik \u2013 Kunde steht bei STELTEN immer und ausschlie\u00dflich im Mittelpunkt. Durch die enge Verbindung erreichen wir f\u00fcr unsere Kunden ein hohes Ma\u00df an Flexibilit\u00e4t in Kombination mit einer Kosten- und Zeitersparnis.<br \/>\nDie Bandbreite unserer Kunden reicht vom lokalen Mittelst\u00e4ndler bis hin zum Konzern \u2013 Global \u2013 Player. Alle erhalten bedarfsgerechte L\u00f6sungen innerhalb der Logistik.<br \/>\nUmfragen der Branche zeigen einen Trend hin zu Lead Logistics Provider, also Unternehmen, die auf umfassenden Service statt reinen Transport- oder Lagerabwicklungen setzen. Dieses logistische Ziel verfolgt auch unser Unternehmen.<\/span>[\/vc_column_text][\/vc_column][\/vc_row]<\/p>\n<\/div>","protected":false},"excerpt":{"rendered":"<p>[vc_row margin_top=&#8221;-60&#8243; type=&#8221;3&#8243; bg_color=&#8221;#397040&#8243; min_height=&#8221;30&#8243;][vc_column][\/vc_column][\/vc_row][vc_row margin_bottom=&#8221;-80&#8243; min_height=&#8221;500&#8243;][vc_column][vc_empty_space height=&#8221;10px&#8221;][vc_row_inner equal_height=&#8221;yes&#8221; css=&#8221;.vc_custom_1467808156742{margin-top: -10px !important;}&#8221;][vc_column_inner width=&#8221;2\/3&#8243;][vc_single_image image=&#8221;680&#8243; img_size=&#8221;full&#8221;][vc_empty_space height=&#8221;30px&#8221; css=&#8221;.vc_custom_1473413617710{background-color: #bbbd22 !important;}&#8221;][vc_column_text css=&#8221;.vc_custom_1477902313706{margin-top: -30px !important;margin-left: 20px !important;}&#8221;] Logistikzentrum Bataverstrasse [\/vc_column_text][vc_empty_space][\/vc_column_inner][vc_column_inner width=&#8221;1\/3&#8243;][vc_empty_space][vc_column_text] Zum Thema Logistik [\/vc_column_text][vc_empty_space][vc_column_text]In der Logistik werden alle internen und externen Informations- und G\u00fcterfl\u00fcsse eines Unternehmens geplant, koordiniert, umgesetzt und kontrolliert. Es handelt sich um eine ganzheitliche&hellip;<\/p>\n","protected":false},"author":5,"featured_media":0,"parent":1007,"menu_order":0,"comment_status":"closed","ping_status":"closed","template":"","meta":{"footnotes":""},"class_list":["post-1009","page","type-page","status-publish","hentry","description-off"],"yoast_head":"<!-- This site is optimized with the Yoast SEO plugin v27.2 - https:\/\/yoast.com\/product\/yoast-seo-wordpress\/ -->\n<title>Logistik - Stelten KG<\/title>\n<meta name=\"robots\" content=\"index, follow, max-snippet:-1, max-image-preview:large, max-video-preview:-1\" \/>\n<link rel=\"canonical\" href=\"https:\/\/www.steltenkg.de\/en\/services\/logistik\/\" \/>\n<meta property=\"og:locale\" content=\"en_US\" \/>\n<meta property=\"og:type\" content=\"article\" \/>\n<meta property=\"og:title\" content=\"Logistik - Stelten KG\" \/>\n<meta property=\"og:description\" content=\"[vc_row margin_top=&#8221;-60&#8243; type=&#8221;3&#8243; bg_color=&#8221;#397040&#8243; min_height=&#8221;30&#8243;][vc_column][\/vc_column][\/vc_row][vc_row margin_bottom=&#8221;-80&#8243; min_height=&#8221;500&#8243;][vc_column][vc_empty_space height=&#8221;10px&#8221;][vc_row_inner equal_height=&#8221;yes&#8221; css=&#8221;.vc_custom_1467808156742{margin-top: -10px !important;}&#8221;][vc_column_inner width=&#8221;2\/3&#8243;][vc_single_image image=&#8221;680&#8243; img_size=&#8221;full&#8221;][vc_empty_space height=&#8221;30px&#8221; css=&#8221;.vc_custom_1473413617710{background-color: #bbbd22 !important;}&#8221;][vc_column_text css=&#8221;.vc_custom_1477902313706{margin-top: -30px !important;margin-left: 20px !important;}&#8221;] Logistikzentrum Bataverstrasse [\/vc_column_text][vc_empty_space][\/vc_column_inner][vc_column_inner width=&#8221;1\/3&#8243;][vc_empty_space][vc_column_text] Zum Thema Logistik [\/vc_column_text][vc_empty_space][vc_column_text]In der Logistik werden alle internen und externen Informations- und G\u00fcterfl\u00fcsse eines Unternehmens geplant, koordiniert, umgesetzt und kontrolliert. Es handelt sich um eine ganzheitliche&hellip;\" \/>\n<meta property=\"og:url\" content=\"https:\/\/www.steltenkg.de\/en\/services\/logistik\/\" \/>\n<meta property=\"og:site_name\" content=\"Stelten KG\" \/>\n<meta name=\"twitter:card\" content=\"summary_large_image\" \/>\n<meta name=\"twitter:label1\" content=\"Est. reading time\" \/>\n\t<meta name=\"twitter:data1\" content=\"3 minutes\" \/>\n<script type=\"application\/ld+json\" class=\"yoast-schema-graph\">{\"@context\":\"https:\/\/schema.org\",\"@graph\":[{\"@type\":\"WebPage\",\"@id\":\"https:\/\/www.steltenkg.de\/en\/services\/logistik\/\",\"url\":\"https:\/\/www.steltenkg.de\/en\/services\/logistik\/\",\"name\":\"Logistik - Stelten KG\",\"isPartOf\":{\"@id\":\"https:\/\/www.steltenkg.de\/#website\"},\"datePublished\":\"2016-11-21T12:17:15+00:00\",\"breadcrumb\":{\"@id\":\"https:\/\/www.steltenkg.de\/en\/services\/logistik\/#breadcrumb\"},\"inLanguage\":\"en-US\",\"potentialAction\":[{\"@type\":\"ReadAction\",\"target\":[\"https:\/\/www.steltenkg.de\/en\/services\/logistik\/\"]}]},{\"@type\":\"BreadcrumbList\",\"@id\":\"https:\/\/www.steltenkg.de\/en\/services\/logistik\/#breadcrumb\",\"itemListElement\":[{\"@type\":\"ListItem\",\"position\":1,\"name\":\"Startseite\",\"item\":\"https:\/\/www.steltenkg.de\/en\/\"},{\"@type\":\"ListItem\",\"position\":2,\"name\":\"Services\",\"item\":\"https:\/\/www.steltenkg.de\/en\/services\/\"},{\"@type\":\"ListItem\",\"position\":3,\"name\":\"Logistik\"}]},{\"@type\":\"WebSite\",\"@id\":\"https:\/\/www.steltenkg.de\/#website\",\"url\":\"https:\/\/www.steltenkg.de\/\",\"name\":\"Stelten KG\",\"description\":\"Spedition - Lagerung - Logistik\",\"potentialAction\":[{\"@type\":\"SearchAction\",\"target\":{\"@type\":\"EntryPoint\",\"urlTemplate\":\"https:\/\/www.steltenkg.de\/?s={search_term_string}\"},\"query-input\":{\"@type\":\"PropertyValueSpecification\",\"valueRequired\":true,\"valueName\":\"search_term_string\"}}],\"inLanguage\":\"en-US\"}]}<\/script>\n<!-- \/ Yoast SEO plugin. -->","yoast_head_json":{"title":"Logistik - Stelten KG","robots":{"index":"index","follow":"follow","max-snippet":"max-snippet:-1","max-image-preview":"max-image-preview:large","max-video-preview":"max-video-preview:-1"},"canonical":"https:\/\/www.steltenkg.de\/en\/services\/logistik\/","og_locale":"en_US","og_type":"article","og_title":"Logistik - Stelten KG","og_description":"[vc_row margin_top=&#8221;-60&#8243; type=&#8221;3&#8243; bg_color=&#8221;#397040&#8243; min_height=&#8221;30&#8243;][vc_column][\/vc_column][\/vc_row][vc_row margin_bottom=&#8221;-80&#8243; min_height=&#8221;500&#8243;][vc_column][vc_empty_space height=&#8221;10px&#8221;][vc_row_inner equal_height=&#8221;yes&#8221; css=&#8221;.vc_custom_1467808156742{margin-top: -10px !important;}&#8221;][vc_column_inner width=&#8221;2\/3&#8243;][vc_single_image image=&#8221;680&#8243; img_size=&#8221;full&#8221;][vc_empty_space height=&#8221;30px&#8221; css=&#8221;.vc_custom_1473413617710{background-color: #bbbd22 !important;}&#8221;][vc_column_text css=&#8221;.vc_custom_1477902313706{margin-top: -30px !important;margin-left: 20px !important;}&#8221;] Logistikzentrum Bataverstrasse [\/vc_column_text][vc_empty_space][\/vc_column_inner][vc_column_inner width=&#8221;1\/3&#8243;][vc_empty_space][vc_column_text] Zum Thema Logistik [\/vc_column_text][vc_empty_space][vc_column_text]In der Logistik werden alle internen und externen Informations- und G\u00fcterfl\u00fcsse eines Unternehmens geplant, koordiniert, umgesetzt und kontrolliert. Es handelt sich um eine ganzheitliche&hellip;","og_url":"https:\/\/www.steltenkg.de\/en\/services\/logistik\/","og_site_name":"Stelten KG","twitter_card":"summary_large_image","twitter_misc":{"Est. reading time":"3 minutes"},"schema":{"@context":"https:\/\/schema.org","@graph":[{"@type":"WebPage","@id":"https:\/\/www.steltenkg.de\/en\/services\/logistik\/","url":"https:\/\/www.steltenkg.de\/en\/services\/logistik\/","name":"Logistik - Stelten KG","isPartOf":{"@id":"https:\/\/www.steltenkg.de\/#website"},"datePublished":"2016-11-21T12:17:15+00:00","breadcrumb":{"@id":"https:\/\/www.steltenkg.de\/en\/services\/logistik\/#breadcrumb"},"inLanguage":"en-US","potentialAction":[{"@type":"ReadAction","target":["https:\/\/www.steltenkg.de\/en\/services\/logistik\/"]}]},{"@type":"BreadcrumbList","@id":"https:\/\/www.steltenkg.de\/en\/services\/logistik\/#breadcrumb","itemListElement":[{"@type":"ListItem","position":1,"name":"Startseite","item":"https:\/\/www.steltenkg.de\/en\/"},{"@type":"ListItem","position":2,"name":"Services","item":"https:\/\/www.steltenkg.de\/en\/services\/"},{"@type":"ListItem","position":3,"name":"Logistik"}]},{"@type":"WebSite","@id":"https:\/\/www.steltenkg.de\/#website","url":"https:\/\/www.steltenkg.de\/","name":"Stelten KG","description":"Spedition - Lagerung - Logistik","potentialAction":[{"@type":"SearchAction","target":{"@type":"EntryPoint","urlTemplate":"https:\/\/www.steltenkg.de\/?s={search_term_string}"},"query-input":{"@type":"PropertyValueSpecification","valueRequired":true,"valueName":"search_term_string"}}],"inLanguage":"en-US"}]}},"_links":{"self":[{"href":"https:\/\/www.steltenkg.de\/en\/wp-json\/wp\/v2\/pages\/1009\/"}],"collection":[{"href":"https:\/\/www.steltenkg.de\/en\/wp-json\/wp\/v2\/pages\/"}],"about":[{"href":"https:\/\/www.steltenkg.de\/en\/wp-json\/wp\/v2\/types\/page\/"}],"author":[{"embeddable":true,"href":"https:\/\/www.steltenkg.de\/en\/wp-json\/wp\/v2\/users\/5\/"}],"replies":[{"embeddable":true,"href":"https:\/\/www.steltenkg.de\/en\/wp-json\/wp\/v2\/comments\/?post=1009"}],"version-history":[{"count":1,"href":"https:\/\/www.steltenkg.de\/en\/wp-json\/wp\/v2\/pages\/1009\/revisions\/"}],"predecessor-version":[{"id":1010,"href":"https:\/\/www.steltenkg.de\/en\/wp-json\/wp\/v2\/pages\/1009\/revisions\/1010\/"}],"up":[{"embeddable":true,"href":"https:\/\/www.steltenkg.de\/en\/wp-json\/wp\/v2\/pages\/1007\/"}],"wp:attachment":[{"href":"https:\/\/www.steltenkg.de\/en\/wp-json\/wp\/v2\/media\/?parent=1009"}],"curies":[{"name":"wp","href":"https:\/\/api.w.org\/{rel}","templated":true}]}}